{"id":441,"date":"2024-04-01T18:47:41","date_gmt":"2024-04-01T16:47:41","guid":{"rendered":"https:\/\/www.nosha.sk\/?post_type=product&#038;p=441"},"modified":"2026-03-03T21:14:49","modified_gmt":"2026-03-03T20:14:49","slug":"malina","status":"publish","type":"product","link":"https:\/\/nosha.sk\/en\/obchod\/to-the-city\/malina\/","title":{"rendered":"nosha do mesta | malina"},"content":{"rendered":"<div class=\"wpb-content-wrapper\"><p>[vc_row][vc_column width=&#8221;7\/12&#8243; el_class=&#8221;product-desc-wrapper&#8221; woodmart_css_id=&#8221;63df6f2b35320&#8243; parallax_scroll=&#8221;no&#8221; woodmart_sticky_column=&#8221;false&#8221; wd_collapsible_content_switcher=&#8221;no&#8221; wd_column_role_offcanvas_desktop=&#8221;no&#8221; wd_column_role_offcanvas_tablet=&#8221;no&#8221; wd_column_role_offcanvas_mobile=&#8221;no&#8221; wd_column_role_content_desktop=&#8221;no&#8221; wd_column_role_content_tablet=&#8221;no&#8221; wd_column_role_content_mobile=&#8221;no&#8221; mobile_bg_img_hidden=&#8221;no&#8221; tablet_bg_img_hidden=&#8221;no&#8221; woodmart_parallax=&#8221;0&#8243; woodmart_box_shadow=&#8221;no&#8221; responsive_spacing=&#8221;eyJwYXJhbV90eXBlIjoid29vZG1hcnRfcmVzcG9uc2l2ZV9zcGFjaW5nIiwic2VsZWN0b3JfaWQiOiI2M2RmNmYyYjM1MzIwIiwic2hvcnRjb2RlIjoidmNfY29sdW1uIiwiZGF0YSI6eyJ0YWJsZXQiOnt9LCJtb2JpbGUiOnt9fX0=&#8221; mobile_reset_margin=&#8221;no&#8221; tablet_reset_margin=&#8221;no&#8221; wd_z_index=&#8221;no&#8221;][vc_column_text woodmart_inline=&#8221;no&#8221; text_larger=&#8221;no&#8221;]<\/p>\n<h2>INFO O PRODUKTE<\/h2>\n<p><span style=\"font-weight: 400;\"><strong>nosha do mesta<\/strong> je ur\u010den\u00e1 pre star\u0161ie deti a dospel\u00fdch. Batoh je ka\u017edodenn\u00fdm partnerom pre dospel\u00fdch, ktor\u00ed popri svojich de\u0165och nezab\u00fadaj\u00fa aj na seba, svoje zdravie a dopady svojho konania. <\/span>[\/vc_column_text][\/vc_column][vc_column width=&#8221;5\/12&#8243; el_class=&#8221;benefity-wrapper&#8221; woodmart_css_id=&#8221;63df6fe75f923&#8243; parallax_scroll=&#8221;no&#8221; woodmart_sticky_column=&#8221;false&#8221; wd_collapsible_content_switcher=&#8221;no&#8221; wd_column_role_offcanvas_desktop=&#8221;no&#8221; wd_column_role_offcanvas_tablet=&#8221;no&#8221; wd_column_role_offcanvas_mobile=&#8221;no&#8221; wd_column_role_content_desktop=&#8221;no&#8221; wd_column_role_content_tablet=&#8221;no&#8221; wd_column_role_content_mobile=&#8221;no&#8221; mobile_bg_img_hidden=&#8221;no&#8221; tablet_bg_img_hidden=&#8221;no&#8221; woodmart_parallax=&#8221;0&#8243; woodmart_box_shadow=&#8221;no&#8221; responsive_spacing=&#8221;eyJwYXJhbV90eXBlIjoid29vZG1hcnRfcmVzcG9uc2l2ZV9zcGFjaW5nIiwic2VsZWN0b3JfaWQiOiI2M2RmNmZlNzVmOTIzIiwic2hvcnRjb2RlIjoidmNfY29sdW1uIiwiZGF0YSI6eyJ0YWJsZXQiOnt9LCJtb2JpbGUiOnt9fX0=&#8221; mobile_reset_margin=&#8221;no&#8221; tablet_reset_margin=&#8221;no&#8221; wd_z_index=&#8221;no&#8221;]\n\t\t<div id=\"wd-63dfef5131b0a\" class=\"title-wrapper wd-wpb set-mb-s reset-last-child  wd-rs-63dfef5131b0a wd-title-color-default wd-title-style-default text-left vc_custom_1675620182531 wd-underline-colored\">\n\t\t\t\n\t\t\t<div class=\"liner-continer\">\n\t\t\t\t<h2 class=\"woodmart-title-container title  wd-font-weight- wd-fontsize-l\" >benefity<\/h2>\n\t\t\t\t\t\t\t<\/div>\n\t\t\t\n\t\t\t\n\t\t\t\n\t\t<\/div>\n\t\t\n\t\t\n\t\t<div id=\"wd-63df6faf02cac\" class=\"wd-accordion wd-wpb wd-rs-63df6faf02cac  wd-style-default\" data-state=\"first\">\n\t\t\t\t\t\t\t\n\t\t\t\t\n\t\t\t\t<div class=\"wd-accordion-item\">\n\t\t\t\t\t<div class=\"wd-accordion-title wd-active font-primary wd-fontsize-s text-left wd-opener-pos-left wd-font-weight-600\" data-accordion-index=\"0\">\n\t\t\t\t\t\t<div class=\"wd-accordion-title-text\">\n\t\t\t\t\t\t\t\t\t\t\t\t\t\t<span>\n\t\t\t\t\t\t\t\tergon\u00f3mia\t\t\t\t\t\t\t<\/span>\n\t\t\t\t\t\t<\/div>\n\t\t\t\t\t\t<span class=\"wd-accordion-opener wd-opener-style-arrow\"><\/span>\n\t\t\t\t\t<\/div>\n\n\t\t\t\t\t<div class=\"wd-accordion-content reset-last-child wd-active\" data-accordion-index=\"0\">\n\t\t\t\t\t\t\t\t\t\t\t\t\t<p><span style=\"font-weight: 400;\">+ Batoh je navrhnut\u00fd tak, aby sa \u010do najviac prisp\u00f4soboval krivke chrbtice.\u00a0<\/span><\/p>\n<p><span style=\"font-weight: 400;\">+ K<\/span><span style=\"font-weight: 400;\">ompaktn\u00fd\u00a0 tvar udr\u017euje \u0165a\u017eisko bl\u00edzko chrbta.\u00a0<\/span><\/p>\n<p><span style=\"font-weight: 400;\">+ Bedrov\u00fd p\u00e1s nesie v\u00e4\u010d\u0161inu v\u00e1hy a od\u013eah\u010duje tak ramen\u00e1.\u00a0<\/span><\/p>\n<p><span style=\"font-weight: 400;\">+ Hrudn\u00fd popruh udr\u017euje batoh v spr\u00e1vnej a pohodlnej poz\u00edcii.\u00a0<\/span><\/p>\n<p>hrudn\u00fd popruh.<\/p>\n<p><img loading=\"lazy\" decoding=\"async\" class=\"alignnone wp-image-63 size-full\" src=\"https:\/\/www.nosha.sk\/wp-content\/uploads\/2023\/02\/ergonomia.webp\" alt=\"\" width=\"1024\" height=\"683\" srcset=\"https:\/\/nosha.sk\/wp-content\/uploads\/2023\/02\/ergonomia.webp 1024w, https:\/\/nosha.sk\/wp-content\/uploads\/2023\/02\/ergonomia-150x100.webp 150w, https:\/\/nosha.sk\/wp-content\/uploads\/2023\/02\/ergonomia-800x534.webp 800w, https:\/\/nosha.sk\/wp-content\/uploads\/2023\/02\/ergonomia-300x200.webp 300w, https:\/\/nosha.sk\/wp-content\/uploads\/2023\/02\/ergonomia-768x512.webp 768w\" sizes=\"auto, (max-width: 1024px) 100vw, 1024px\" \/><\/p>\n\t\t\t\t\t\t\t\t\t\t\t<\/div>\n\t\t\t\t<\/div>\n\t\t\t\t\t\t\t\n\t\t\t\t\n\t\t\t\t<div class=\"wd-accordion-item\">\n\t\t\t\t\t<div class=\"wd-accordion-title font-primary wd-fontsize-s text-left wd-opener-pos-left wd-font-weight-600\" data-accordion-index=\"1\">\n\t\t\t\t\t\t<div class=\"wd-accordion-title-text\">\n\t\t\t\t\t\t\t\t\t\t\t\t\t\t<span>\n\t\t\t\t\t\t\t\tmultifunk\u010dnos\u0165\t\t\t\t\t\t\t<\/span>\n\t\t\t\t\t\t<\/div>\n\t\t\t\t\t\t<span class=\"wd-accordion-opener wd-opener-style-arrow\"><\/span>\n\t\t\t\t\t<\/div>\n\n\t\t\t\t\t<div class=\"wd-accordion-content reset-last-child\" data-accordion-index=\"1\">\n\t\t\t\t\t\t\t\t\t\t\t\t\t<p><span style=\"font-weight: 400;\">+ Bedrov\u00fd p\u00e1s je odn\u00edmate\u013en\u00fd a posl\u00fa\u017ei aj ako \u013eadvinka.<\/span><\/p>\n<p><span style=\"font-weight: 400;\">+ nosha posl\u00fa\u017ei v meste a hod\u00ed sa aj do lesa.<\/span><\/p>\n<p><img loading=\"lazy\" decoding=\"async\" class=\"alignnone wp-image-199 size-full\" src=\"https:\/\/www.nosha.sk\/wp-content\/uploads\/2023\/02\/nosha_multifunkcnost.webp\" alt=\"\" width=\"1024\" height=\"683\" srcset=\"https:\/\/nosha.sk\/wp-content\/uploads\/2023\/02\/nosha_multifunkcnost.webp 1024w, https:\/\/nosha.sk\/wp-content\/uploads\/2023\/02\/nosha_multifunkcnost-150x100.webp 150w, https:\/\/nosha.sk\/wp-content\/uploads\/2023\/02\/nosha_multifunkcnost-800x534.webp 800w, https:\/\/nosha.sk\/wp-content\/uploads\/2023\/02\/nosha_multifunkcnost-300x200.webp 300w, https:\/\/nosha.sk\/wp-content\/uploads\/2023\/02\/nosha_multifunkcnost-768x512.webp 768w\" sizes=\"auto, (max-width: 1024px) 100vw, 1024px\" \/><\/p>\n\t\t\t\t\t\t\t\t\t\t\t<\/div>\n\t\t\t\t<\/div>\n\t\t\t\t\t\t\t\n\t\t\t\t\n\t\t\t\t<div class=\"wd-accordion-item\">\n\t\t\t\t\t<div class=\"wd-accordion-title font-primary wd-fontsize-s text-left wd-opener-pos-left wd-font-weight-600\" data-accordion-index=\"2\">\n\t\t\t\t\t\t<div class=\"wd-accordion-title-text\">\n\t\t\t\t\t\t\t\t\t\t\t\t\t\t<span>\n\t\t\t\t\t\t\t\tudr\u017eate\u013enos\u0165\t\t\t\t\t\t\t<\/span>\n\t\t\t\t\t\t<\/div>\n\t\t\t\t\t\t<span class=\"wd-accordion-opener wd-opener-style-arrow\"><\/span>\n\t\t\t\t\t<\/div>\n\n\t\t\t\t\t<div class=\"wd-accordion-content reset-last-child\" data-accordion-index=\"2\">\n\t\t\t\t\t\t\t\t\t\t\t\t\t<p><span style=\"font-weight: 400;\">+ nosha je vyroben\u00e1 zo 100% obnovite\u013en\u00fdch surov\u00edn bez toxick\u00fdch l\u00e1tok.\u00a0<\/span><\/p>\n<p><span style=\"font-weight: 400;\">+ Materi\u00e1ly s\u00fa kompletne recyklovate\u013en\u00e9 a kompostovate\u013en\u00e9\/rozlo\u017eite\u013en\u00e9 prirodzen\u00fdmi procesmi.\u00a0<\/span><\/p>\n<p><span style=\"font-weight: 400;\">+ nosha je u\u0161it\u00e1 na Slovensku, z materi\u00e1lov a komponentov vyroben\u00fdch v krajin\u00e1ch Eur\u00f3pskej \u00fanie.<\/span><\/p>\n<p><img loading=\"lazy\" decoding=\"async\" class=\"alignnone wp-image-198 size-full\" src=\"https:\/\/www.nosha.sk\/wp-content\/uploads\/2023\/02\/produkt_materialy.webp\" alt=\"\" width=\"1280\" height=\"853\" srcset=\"https:\/\/nosha.sk\/wp-content\/uploads\/2023\/02\/produkt_materialy.webp 1280w, https:\/\/nosha.sk\/wp-content\/uploads\/2023\/02\/produkt_materialy-150x100.webp 150w, https:\/\/nosha.sk\/wp-content\/uploads\/2023\/02\/produkt_materialy-800x533.webp 800w, https:\/\/nosha.sk\/wp-content\/uploads\/2023\/02\/produkt_materialy-300x200.webp 300w, https:\/\/nosha.sk\/wp-content\/uploads\/2023\/02\/produkt_materialy-1024x682.webp 1024w, https:\/\/nosha.sk\/wp-content\/uploads\/2023\/02\/produkt_materialy-768x512.webp 768w\" sizes=\"auto, (max-width: 1280px) 100vw, 1280px\" \/><\/p>\n\t\t\t\t\t\t\t\t\t\t\t<\/div>\n\t\t\t\t<\/div>\n\t\t\t\t\t\t\t\t\t\t\t\t\t\t<\/div>\n\n\t\t[\/vc_column][\/vc_row]<\/p>\n<\/div>","protected":false},"excerpt":{"rendered":"<p>[vc_row][vc_column width=&#8221;7\/12&#8243; el_class=&#8221;product-desc-wrapper&#8221; woodmart_css_id=&#8221;63df6f2b35320&#8243; parallax_scroll=&#8221;no&#8221; woodmart_sticky_column=&#8221;false&#8221; wd_collapsible_content_switcher=&#8221;no&#8221; wd_column_role_offcanvas_desktop=&#8221;no&#8221; wd_column_role_offcanvas_tablet=&#8221;no&#8221; wd_column_role_offcanvas_mobile=&#8221;no&#8221; wd_column_role_content_desktop=&#8221;no&#8221; wd_column_role_content_tablet=&#8221;no&#8221; wd_column_role_content_mobile=&#8221;no&#8221; mobile_bg_img_hidden=&#8221;no&#8221; tablet_bg_img_hidden=&#8221;no&#8221; woodmart_parallax=&#8221;0&#8243; woodmart_box_shadow=&#8221;no&#8221; responsive_spacing=&#8221;eyJwYXJhbV90eXBlIjoid29vZG1hcnRfcmVzcG9uc2l2ZV9zcGFjaW5nIiwic2VsZWN0b3JfaWQiOiI2M2RmNmYyYjM1MzIwIiwic2hvcnRjb2RlIjoidmNfY29sdW1uIiwiZGF0YSI6eyJ0YWJsZXQiOnt9LCJtb2JpbGUiOnt9fX0=&#8221; mobile_reset_margin=&#8221;no&#8221; tablet_reset_margin=&#8221;no&#8221;<\/p>\n","protected":false},"featured_media":448,"template":"","meta":[],"product_brand":[],"product_cat":[18],"product_tag":[159],"class_list":{"0":"post-441","1":"product","2":"type-product","3":"status-publish","4":"has-post-thumbnail","6":"product_cat-do-mesta","7":"product_tag-do-skoly-2","9":"first","10":"instock","11":"purchasable","12":"product-type-simple"},"yoast_head":"<!-- This site is optimized with the Yoast SEO plugin v27.4 - https:\/\/yoast.com\/product\/yoast-seo-wordpress\/ -->\n<title>nosha do mesta | malina - nosha<\/title>\n<meta name=\"robots\" content=\"index, follow, max-snippet:-1, max-image-preview:large, max-video-preview:-1\" \/>\n<link rel=\"canonical\" href=\"https:\/\/www.nosha.sk\/obchod\/do-mesta\/malina\/\" \/>\n<meta property=\"og:locale\" content=\"en_US\" \/>\n<meta property=\"og:type\" content=\"article\" \/>\n<meta property=\"og:title\" content=\"nosha do mesta | malina - nosha\" \/>\n<meta property=\"og:description\" content=\"[vc_row][vc_column width=&#8221;7\/12&#8243; el_class=&#8221;product-desc-wrapper&#8221; woodmart_css_id=&#8221;63df6f2b35320&#8243; parallax_scroll=&#8221;no&#8221; woodmart_sticky_column=&#8221;false&#8221; wd_collapsible_content_switcher=&#8221;no&#8221; wd_column_role_offcanvas_desktop=&#8221;no&#8221; wd_column_role_offcanvas_tablet=&#8221;no&#8221; wd_column_role_offcanvas_mobile=&#8221;no&#8221; wd_column_role_content_desktop=&#8221;no&#8221; wd_column_role_content_tablet=&#8221;no&#8221; wd_column_role_content_mobile=&#8221;no&#8221; mobile_bg_img_hidden=&#8221;no&#8221; tablet_bg_img_hidden=&#8221;no&#8221; woodmart_parallax=&#8221;0&#8243; woodmart_box_shadow=&#8221;no&#8221; responsive_spacing=&#8221;eyJwYXJhbV90eXBlIjoid29vZG1hcnRfcmVzcG9uc2l2ZV9zcGFjaW5nIiwic2VsZWN0b3JfaWQiOiI2M2RmNmYyYjM1MzIwIiwic2hvcnRjb2RlIjoidmNfY29sdW1uIiwiZGF0YSI6eyJ0YWJsZXQiOnt9LCJtb2JpbGUiOnt9fX0=&#8221; mobile_reset_margin=&#8221;no&#8221; tablet_reset_margin=&#8221;no&#8221;\" \/>\n<meta property=\"og:url\" content=\"https:\/\/www.nosha.sk\/obchod\/do-mesta\/malina\/\" \/>\n<meta property=\"og:site_name\" content=\"nosha\" \/>\n<meta property=\"article:modified_time\" content=\"2026-03-03T20:14:49+00:00\" \/>\n<meta property=\"og:image\" content=\"https:\/\/www.nosha.sk\/wp-content\/uploads\/2024\/04\/DoMesta_MAlina_Col_Front01.png\" \/>\n\t<meta property=\"og:image:width\" content=\"1280\" \/>\n\t<meta property=\"og:image:height\" content=\"1280\" \/>\n\t<meta property=\"og:image:type\" content=\"image\/png\" \/>\n<meta name=\"twitter:card\" content=\"summary_large_image\" \/>\n<meta name=\"twitter:label1\" content=\"Est. reading time\" \/>\n\t<meta name=\"twitter:data1\" content=\"2 minutes\" \/>\n<script type=\"application\/ld+json\" class=\"yoast-schema-graph\">{\"@context\":\"https:\\\/\\\/schema.org\",\"@graph\":[{\"@type\":\"WebPage\",\"@id\":\"https:\\\/\\\/www.nosha.sk\\\/obchod\\\/do-mesta\\\/malina\\\/\",\"url\":\"https:\\\/\\\/www.nosha.sk\\\/obchod\\\/do-mesta\\\/malina\\\/\",\"name\":\"nosha do mesta | malina - nosha\",\"isPartOf\":{\"@id\":\"https:\\\/\\\/nosha.sk\\\/#website\"},\"primaryImageOfPage\":{\"@id\":\"https:\\\/\\\/www.nosha.sk\\\/obchod\\\/do-mesta\\\/malina\\\/#primaryimage\"},\"image\":{\"@id\":\"https:\\\/\\\/www.nosha.sk\\\/obchod\\\/do-mesta\\\/malina\\\/#primaryimage\"},\"thumbnailUrl\":\"https:\\\/\\\/nosha.sk\\\/wp-content\\\/uploads\\\/2024\\\/04\\\/DoMesta_MAlina_Col_Front01.png\",\"datePublished\":\"2024-04-01T16:47:41+00:00\",\"dateModified\":\"2026-03-03T20:14:49+00:00\",\"breadcrumb\":{\"@id\":\"https:\\\/\\\/www.nosha.sk\\\/obchod\\\/do-mesta\\\/malina\\\/#breadcrumb\"},\"inLanguage\":\"en-US\",\"potentialAction\":[{\"@type\":\"ReadAction\",\"target\":[\"https:\\\/\\\/www.nosha.sk\\\/obchod\\\/do-mesta\\\/malina\\\/\"]}]},{\"@type\":\"ImageObject\",\"inLanguage\":\"en-US\",\"@id\":\"https:\\\/\\\/www.nosha.sk\\\/obchod\\\/do-mesta\\\/malina\\\/#primaryimage\",\"url\":\"https:\\\/\\\/nosha.sk\\\/wp-content\\\/uploads\\\/2024\\\/04\\\/DoMesta_MAlina_Col_Front01.png\",\"contentUrl\":\"https:\\\/\\\/nosha.sk\\\/wp-content\\\/uploads\\\/2024\\\/04\\\/DoMesta_MAlina_Col_Front01.png\",\"width\":1280,\"height\":1280},{\"@type\":\"BreadcrumbList\",\"@id\":\"https:\\\/\\\/www.nosha.sk\\\/obchod\\\/do-mesta\\\/malina\\\/#breadcrumb\",\"itemListElement\":[{\"@type\":\"ListItem\",\"position\":1,\"name\":\"Home\",\"item\":\"https:\\\/\\\/nosha.sk\\\/en\\\/\"},{\"@type\":\"ListItem\",\"position\":2,\"name\":\"Shop\",\"item\":\"https:\\\/\\\/nosha.sk\\\/obchod\\\/\"},{\"@type\":\"ListItem\",\"position\":3,\"name\":\"nosha do mesta | malina\"}]},{\"@type\":\"WebSite\",\"@id\":\"https:\\\/\\\/nosha.sk\\\/#website\",\"url\":\"https:\\\/\\\/nosha.sk\\\/\",\"name\":\"nosha\",\"description\":\"\",\"potentialAction\":[{\"@type\":\"SearchAction\",\"target\":{\"@type\":\"EntryPoint\",\"urlTemplate\":\"https:\\\/\\\/nosha.sk\\\/?s={search_term_string}\"},\"query-input\":{\"@type\":\"PropertyValueSpecification\",\"valueRequired\":true,\"valueName\":\"search_term_string\"}}],\"inLanguage\":\"en-US\"}]}<\/script>\n<!-- \/ Yoast SEO plugin. -->","yoast_head_json":{"title":"nosha do mesta | malina - nosha","robots":{"index":"index","follow":"follow","max-snippet":"max-snippet:-1","max-image-preview":"max-image-preview:large","max-video-preview":"max-video-preview:-1"},"canonical":"https:\/\/www.nosha.sk\/obchod\/do-mesta\/malina\/","og_locale":"en_US","og_type":"article","og_title":"nosha do mesta | malina - nosha","og_description":"[vc_row][vc_column width=&#8221;7\/12&#8243; el_class=&#8221;product-desc-wrapper&#8221; woodmart_css_id=&#8221;63df6f2b35320&#8243; parallax_scroll=&#8221;no&#8221; woodmart_sticky_column=&#8221;false&#8221; wd_collapsible_content_switcher=&#8221;no&#8221; wd_column_role_offcanvas_desktop=&#8221;no&#8221; wd_column_role_offcanvas_tablet=&#8221;no&#8221; wd_column_role_offcanvas_mobile=&#8221;no&#8221; wd_column_role_content_desktop=&#8221;no&#8221; wd_column_role_content_tablet=&#8221;no&#8221; wd_column_role_content_mobile=&#8221;no&#8221; mobile_bg_img_hidden=&#8221;no&#8221; tablet_bg_img_hidden=&#8221;no&#8221; woodmart_parallax=&#8221;0&#8243; woodmart_box_shadow=&#8221;no&#8221; responsive_spacing=&#8221;eyJwYXJhbV90eXBlIjoid29vZG1hcnRfcmVzcG9uc2l2ZV9zcGFjaW5nIiwic2VsZWN0b3JfaWQiOiI2M2RmNmYyYjM1MzIwIiwic2hvcnRjb2RlIjoidmNfY29sdW1uIiwiZGF0YSI6eyJ0YWJsZXQiOnt9LCJtb2JpbGUiOnt9fX0=&#8221; mobile_reset_margin=&#8221;no&#8221; tablet_reset_margin=&#8221;no&#8221;","og_url":"https:\/\/www.nosha.sk\/obchod\/do-mesta\/malina\/","og_site_name":"nosha","article_modified_time":"2026-03-03T20:14:49+00:00","og_image":[{"width":1280,"height":1280,"url":"https:\/\/www.nosha.sk\/wp-content\/uploads\/2024\/04\/DoMesta_MAlina_Col_Front01.png","type":"image\/png"}],"twitter_card":"summary_large_image","twitter_misc":{"Est. reading time":"2 minutes"},"schema":{"@context":"https:\/\/schema.org","@graph":[{"@type":"WebPage","@id":"https:\/\/www.nosha.sk\/obchod\/do-mesta\/malina\/","url":"https:\/\/www.nosha.sk\/obchod\/do-mesta\/malina\/","name":"nosha do mesta | malina - nosha","isPartOf":{"@id":"https:\/\/nosha.sk\/#website"},"primaryImageOfPage":{"@id":"https:\/\/www.nosha.sk\/obchod\/do-mesta\/malina\/#primaryimage"},"image":{"@id":"https:\/\/www.nosha.sk\/obchod\/do-mesta\/malina\/#primaryimage"},"thumbnailUrl":"https:\/\/nosha.sk\/wp-content\/uploads\/2024\/04\/DoMesta_MAlina_Col_Front01.png","datePublished":"2024-04-01T16:47:41+00:00","dateModified":"2026-03-03T20:14:49+00:00","breadcrumb":{"@id":"https:\/\/www.nosha.sk\/obchod\/do-mesta\/malina\/#breadcrumb"},"inLanguage":"en-US","potentialAction":[{"@type":"ReadAction","target":["https:\/\/www.nosha.sk\/obchod\/do-mesta\/malina\/"]}]},{"@type":"ImageObject","inLanguage":"en-US","@id":"https:\/\/www.nosha.sk\/obchod\/do-mesta\/malina\/#primaryimage","url":"https:\/\/nosha.sk\/wp-content\/uploads\/2024\/04\/DoMesta_MAlina_Col_Front01.png","contentUrl":"https:\/\/nosha.sk\/wp-content\/uploads\/2024\/04\/DoMesta_MAlina_Col_Front01.png","width":1280,"height":1280},{"@type":"BreadcrumbList","@id":"https:\/\/www.nosha.sk\/obchod\/do-mesta\/malina\/#breadcrumb","itemListElement":[{"@type":"ListItem","position":1,"name":"Home","item":"https:\/\/nosha.sk\/en\/"},{"@type":"ListItem","position":2,"name":"Shop","item":"https:\/\/nosha.sk\/obchod\/"},{"@type":"ListItem","position":3,"name":"nosha do mesta | malina"}]},{"@type":"WebSite","@id":"https:\/\/nosha.sk\/#website","url":"https:\/\/nosha.sk\/","name":"nosha","description":"","potentialAction":[{"@type":"SearchAction","target":{"@type":"EntryPoint","urlTemplate":"https:\/\/nosha.sk\/?s={search_term_string}"},"query-input":{"@type":"PropertyValueSpecification","valueRequired":true,"valueName":"search_term_string"}}],"inLanguage":"en-US"}]}},"_links":{"self":[{"href":"https:\/\/nosha.sk\/en\/wp-json\/wp\/v2\/product\/441","targetHints":{"allow":["GET"]}}],"collection":[{"href":"https:\/\/nosha.sk\/en\/wp-json\/wp\/v2\/product"}],"about":[{"href":"https:\/\/nosha.sk\/en\/wp-json\/wp\/v2\/types\/product"}],"wp:featuredmedia":[{"embeddable":true,"href":"https:\/\/nosha.sk\/en\/wp-json\/wp\/v2\/media\/448"}],"wp:attachment":[{"href":"https:\/\/nosha.sk\/en\/wp-json\/wp\/v2\/media?parent=441"}],"wp:term":[{"taxonomy":"product_brand","embeddable":true,"href":"https:\/\/nosha.sk\/en\/wp-json\/wp\/v2\/product_brand?post=441"},{"taxonomy":"product_cat","embeddable":true,"href":"https:\/\/nosha.sk\/en\/wp-json\/wp\/v2\/product_cat?post=441"},{"taxonomy":"product_tag","embeddable":true,"href":"https:\/\/nosha.sk\/en\/wp-json\/wp\/v2\/product_tag?post=441"}],"curies":[{"name":"wp","href":"https:\/\/api.w.org\/{rel}","templated":true}]}}